{"id":27536,"date":"2025-06-12T10:58:30","date_gmt":"2025-06-12T08:58:30","guid":{"rendered":"https:\/\/www.kirchnerhaus.com\/?post_type=product&#038;p=27536"},"modified":"2026-02-10T11:51:47","modified_gmt":"2026-02-10T10:51:47","slug":"eintrittskartechunqing-huangs-painters-portrait","status":"publish","type":"product","link":"https:\/\/www.kirchnerhaus.com\/index.php\/produkt\/eintrittskartechunqing-huangs-painters-portrait\/","title":{"rendered":"Eintrittskarte<br>Chunqing Huangs \u201ePainter\u2018s Portrait\u201c"},"content":{"rendered":"<p>Die Eintrittskarte ist g\u00fctig bis einschlie\u00dflich 05.10.2025 w\u00e4hrend der \u00d6ffnungszeiten von Dienstag bis Samstag, 14.00 bis 17:00 Uhr und Sonntag von 11:00 bis 17:00 Uhr. Eine F\u00fchrung ist in dieser Karte nicht enthalten. Eine F\u00fchrung kann an der Tageskasse zum Preis von 5,00 EUR pro Person zus\u00e4tzlich erworben werden. Versand der Eintrittskarten innerhalb von 1-2 Werktagen<\/p>\n","protected":false},"excerpt":{"rendered":"<p>Eintrittskarte zur Ausstellung 05.07 \u2013 05.10.2025<br \/>\nVERDICHTETE SPUREN: Chunqing Huangs \u201ePainter\u2018s Portrait\u201c<\/p>\n<p>Erhalten Sie bereits vorab Ihre Eintrittskarte und einen Flyer f\u00fcr einen Besuch der Ausstellung im Kirchner<strong>HAUS<\/strong>\u00a0Museum Aschaffenburg.<\/p>\n","protected":false},"featured_media":27537,"comment_status":"closed","ping_status":"closed","template":"","meta":{"_acf_changed":false},"product_brand":[],"product_cat":[37],"product_tag":[],"class_list":{"0":"post-27536","1":"product","2":"type-product","3":"status-publish","4":"has-post-thumbnail","6":"product_cat-unkategorisiert","7":"product_shipping_class-postkarten","9":"first","10":"outofstock","11":"shipping-taxable","12":"purchasable","13":"product-type-simple"},"acf":[],"_links":{"self":[{"href":"https:\/\/www.kirchnerhaus.com\/index.php\/wp-json\/wp\/v2\/product\/27536","targetHints":{"allow":["GET"]}}],"collection":[{"href":"https:\/\/www.kirchnerhaus.com\/index.php\/wp-json\/wp\/v2\/product"}],"about":[{"href":"https:\/\/www.kirchnerhaus.com\/index.php\/wp-json\/wp\/v2\/types\/product"}],"replies":[{"embeddable":true,"href":"https:\/\/www.kirchnerhaus.com\/index.php\/wp-json\/wp\/v2\/comments?post=27536"}],"wp:featuredmedia":[{"embeddable":true,"href":"https:\/\/www.kirchnerhaus.com\/index.php\/wp-json\/wp\/v2\/media\/27537"}],"wp:attachment":[{"href":"https:\/\/www.kirchnerhaus.com\/index.php\/wp-json\/wp\/v2\/media?parent=27536"}],"wp:term":[{"taxonomy":"product_brand","embeddable":true,"href":"https:\/\/www.kirchnerhaus.com\/index.php\/wp-json\/wp\/v2\/product_brand?post=27536"},{"taxonomy":"product_cat","embeddable":true,"href":"https:\/\/www.kirchnerhaus.com\/index.php\/wp-json\/wp\/v2\/product_cat?post=27536"},{"taxonomy":"product_tag","embeddable":true,"href":"https:\/\/www.kirchnerhaus.com\/index.php\/wp-json\/wp\/v2\/product_tag?post=27536"}],"curies":[{"name":"wp","href":"https:\/\/api.w.org\/{rel}","templated":true}]}}