{"id":28197,"date":"2026-02-10T10:53:45","date_gmt":"2026-02-10T09:53:45","guid":{"rendered":"https:\/\/www.kirchnerhaus.com\/?post_type=product&#038;p=28197"},"modified":"2026-02-10T12:32:27","modified_gmt":"2026-02-10T11:32:27","slug":"eintrittskarteblick-fang-moderne","status":"publish","type":"product","link":"https:\/\/www.kirchnerhaus.com\/index.php\/produkt\/eintrittskarteblick-fang-moderne\/","title":{"rendered":"Eintrittskarte<br>BLICK. FANG. MODERNE"},"content":{"rendered":"<p>Die Eintrittskarte ist g\u00fctig bis einschlie\u00dflich 14.06.2026 w\u00e4hrend der \u00d6ffnungszeiten von Dienstag bis Samstag, 14.00 bis 17:00 Uhr und Sonntag von 11:00 bis 17:00 Uhr. Eine F\u00fchrung ist in dieser Karte nicht enthalten. Versand der Eintrittskarten innerhalb von 1-2 Werktagen<\/p>\n","protected":false},"excerpt":{"rendered":"<p>Eintrittskarte zur Ausstellung 07.03. \u2013 14.06.2026<br \/>\n<strong>BLICK.FANG.MODERNE<br \/>\n<\/strong>Menschenbilder zwischen Expressionismus und Neuer Sachlichkeit<\/p>\n<p>Erhalten Sie bereits vorab Ihre Eintrittskarte und einen Flyer f\u00fcr einen Besuch der Ausstellung im Kirchner<strong>HAUS<\/strong>\u00a0Museum Aschaffenburg.<\/p>\n","protected":false},"featured_media":28198,"comment_status":"closed","ping_status":"closed","template":"","meta":{"_acf_changed":false},"product_brand":[],"product_cat":[61,58],"product_tag":[],"class_list":{"0":"post-28197","1":"product","2":"type-product","3":"status-publish","4":"has-post-thumbnail","6":"product_cat-schaufenster","7":"product_cat-kiosk","8":"product_shipping_class-postkarten","10":"first","11":"instock","12":"shipping-taxable","13":"purchasable","14":"product-type-simple"},"acf":[],"_links":{"self":[{"href":"https:\/\/www.kirchnerhaus.com\/index.php\/wp-json\/wp\/v2\/product\/28197","targetHints":{"allow":["GET"]}}],"collection":[{"href":"https:\/\/www.kirchnerhaus.com\/index.php\/wp-json\/wp\/v2\/product"}],"about":[{"href":"https:\/\/www.kirchnerhaus.com\/index.php\/wp-json\/wp\/v2\/types\/product"}],"replies":[{"embeddable":true,"href":"https:\/\/www.kirchnerhaus.com\/index.php\/wp-json\/wp\/v2\/comments?post=28197"}],"wp:featuredmedia":[{"embeddable":true,"href":"https:\/\/www.kirchnerhaus.com\/index.php\/wp-json\/wp\/v2\/media\/28198"}],"wp:attachment":[{"href":"https:\/\/www.kirchnerhaus.com\/index.php\/wp-json\/wp\/v2\/media?parent=28197"}],"wp:term":[{"taxonomy":"product_brand","embeddable":true,"href":"https:\/\/www.kirchnerhaus.com\/index.php\/wp-json\/wp\/v2\/product_brand?post=28197"},{"taxonomy":"product_cat","embeddable":true,"href":"https:\/\/www.kirchnerhaus.com\/index.php\/wp-json\/wp\/v2\/product_cat?post=28197"},{"taxonomy":"product_tag","embeddable":true,"href":"https:\/\/www.kirchnerhaus.com\/index.php\/wp-json\/wp\/v2\/product_tag?post=28197"}],"curies":[{"name":"wp","href":"https:\/\/api.w.org\/{rel}","templated":true}]}}