{"id":4095,"date":"2020-11-27T08:05:36","date_gmt":"2020-11-27T08:05:36","guid":{"rendered":"https:\/\/www.kirchnerhaus.com\/?post_type=product&#038;p=4095"},"modified":"2024-01-12T00:46:44","modified_gmt":"2024-01-11T23:46:44","slug":"flaechenbrandexpressionismus","status":"publish","type":"product","link":"https:\/\/www.kirchnerhaus.com\/index.php\/produkt\/flaechenbrandexpressionismus\/","title":{"rendered":"<b>Fl\u00e4chenbrand<\/b><br>Expressionismus"},"content":{"rendered":"<p>Ernst Ludwig Kirchner lebte bereits acht Jahre\u00a0 in der Schweiz, als er nach der R\u00fcckkehr von seinem einzigen Deutschland-Besuch das monumentale und hintergr\u00fcndige Gem\u00e4lde \u201cEine K\u00fcnstlergemeinschaft\u201d schuf. Er stellt sich auf diesem Werk selbst neben den Mitbegr\u00fcndern der \u201cBr\u00fccke\u201d, Erich Heckel und\u00a0 Karl Schmidt-Rottluff, dar, w\u00e4hrend vor ihm das \u201cBr\u00fccke\u201d-Mitglied Otto Mueller kauert, dem Kirchner sehr verbunden war.<\/p>\n<p>F\u00fcr die weite Verbreitung und die Popularit\u00e4t des Expressionismus nach dem Ersten Weltkrieg und in der Kultur der Zwanziger Jahre war in hohem Ma\u00dfe der\u00a0<strong>Holzschnitt<\/strong>\u00a0verantwortlich. Es war die Zeit, in der im ganzen deutschsprachigen Kulturgebiet von expressionistischer Musik, expressionistischem Tanz, expressionistischem Film und sogar von expressionistischer Politik gesprochen und geschrieben wurde. Das allgemeine Bewusstsein dessen, was mit dem Begriff \u201e<strong>Expressionismus<\/strong>\u201c gemeint sein k\u00f6nnte, pr\u00e4gte dabei der Holzschnitt: Die scharf geschnittene Schwarzwei\u00dfkunst mit ihrer Zackigkeit, ihrer Neigung zur Deformation und ihrem Hang zum Unmittelbaren und Primitiven im Umgang mit den k\u00fcnstlerischen Mitteln. Der Holzschnitt unterstrich das Gef\u00fchl von Spontanit\u00e4t und Urspr\u00fcnglichkeit, das mit Wahrhaftigkeit verbunden wurde. Er wurde zu dem expressionistischen Ausdrucksmedium. So entfaltete sich in den 1910er und 1920er Jahren eine \u00fcberraschende stilistische Breite, ein\u00a0<strong>Fl\u00e4chenbrand<\/strong>, der sich anhand der Privatsammlung Joseph Hierling eindrucksvoll darstellen l\u00e4sst. Ein exemplarischer Teil daraus wurde im Edwin-Scharff-Museum Neu-Ulm im Herbst 2018 erstmals \u00f6ffentlich gezeigt und ist nun, von Februar bis April 2019, in einer kleinen, aber essentiellen Auswahl von ca. 65 Bl\u00e4ttern im Kirchner<strong>HAUS<\/strong>\u00a0Museum in Aschaffenburg zu sehen<\/p>\n","protected":false},"excerpt":{"rendered":"<p>Unter diesem Titel begegnet man in der Ausstellung bislang nicht gezeigten Holzschnitten des Expressionismus von Kandinsky bis Wach aus der Sammlung Joseph Hierling. Ziel von \u201eFl\u00e4chenbrand\u201c ist es, im Deutschland der Jahre 1910 bis 1933 die breite Aneignung expressionistischer Stilformen nicht nur durch ber\u00fchmte K\u00fcnstler der klassischen Moderne, sondern auch durch weniger bekannte und doch qualit\u00e4tsbewusste Vertreter dieser Stilrichtung anhand des Holzschnittes sichtbar zu machen.<\/p>\n","protected":false},"featured_media":4096,"comment_status":"closed","ping_status":"closed","template":"","meta":{"_acf_changed":false},"product_brand":[],"product_cat":[48],"product_tag":[],"class_list":{"0":"post-4095","1":"product","2":"type-product","3":"status-publish","4":"has-post-thumbnail","6":"product_cat-kataloge","7":"product_shipping_class-kataloge","9":"first","10":"outofstock","11":"shipping-taxable","12":"purchasable","13":"product-type-simple"},"acf":[],"_links":{"self":[{"href":"https:\/\/www.kirchnerhaus.com\/index.php\/wp-json\/wp\/v2\/product\/4095","targetHints":{"allow":["GET"]}}],"collection":[{"href":"https:\/\/www.kirchnerhaus.com\/index.php\/wp-json\/wp\/v2\/product"}],"about":[{"href":"https:\/\/www.kirchnerhaus.com\/index.php\/wp-json\/wp\/v2\/types\/product"}],"replies":[{"embeddable":true,"href":"https:\/\/www.kirchnerhaus.com\/index.php\/wp-json\/wp\/v2\/comments?post=4095"}],"wp:featuredmedia":[{"embeddable":true,"href":"https:\/\/www.kirchnerhaus.com\/index.php\/wp-json\/wp\/v2\/media\/4096"}],"wp:attachment":[{"href":"https:\/\/www.kirchnerhaus.com\/index.php\/wp-json\/wp\/v2\/media?parent=4095"}],"wp:term":[{"taxonomy":"product_brand","embeddable":true,"href":"https:\/\/www.kirchnerhaus.com\/index.php\/wp-json\/wp\/v2\/product_brand?post=4095"},{"taxonomy":"product_cat","embeddable":true,"href":"https:\/\/www.kirchnerhaus.com\/index.php\/wp-json\/wp\/v2\/product_cat?post=4095"},{"taxonomy":"product_tag","embeddable":true,"href":"https:\/\/www.kirchnerhaus.com\/index.php\/wp-json\/wp\/v2\/product_tag?post=4095"}],"curies":[{"name":"wp","href":"https:\/\/api.w.org\/{rel}","templated":true}]}}